{"id":61270,"date":"2022-07-18T10:47:11","date_gmt":"2022-07-18T13:47:11","guid":{"rendered":"https:\/\/atreva.ar\/staging\/terminos-y-condiciones\/"},"modified":"2025-02-11T17:14:09","modified_gmt":"2025-02-11T20:14:09","slug":"terminos-y-condiciones","status":"publish","type":"page","link":"https:\/\/atreva.ar\/en\/terminos-y-condiciones\/","title":{"rendered":"Terms and Conditions"},"content":{"rendered":"<p>[et_pb_section fb_built=&#8221;1&#8243; admin_label=&#8221;Blog Hero&#8221; _builder_version=&#8221;4.16&#8243; use_background_color_gradient=&#8221;on&#8221; background_color_gradient_stops=&#8221;rgba(114,114,255,0.24) 0%|#ffffff 100%&#8221; background_color_gradient_start=&#8221;rgba(114,114,255,0.24)&#8221; background_color_gradient_end=&#8221;#ffffff&#8221; background_blend=&#8221;multiply&#8221; custom_padding=&#8221;100px|0px|50px|0px||&#8221; animation_style=&#8221;slide&#8221; animation_direction=&#8221;top&#8221; animation_intensity_slide=&#8221;2%&#8221; locked=&#8221;off&#8221; global_colors_info=&#8221;{}&#8221; theme_builder_area=&#8221;post_content&#8221;][et_pb_row _builder_version=&#8221;4.16&#8243; background_size=&#8221;initial&#8221; background_position=&#8221;top_left&#8221; background_repeat=&#8221;repeat&#8221; custom_margin=&#8221;|||&#8221; custom_padding=&#8221;27px|0px|27px|0px&#8221; hover_enabled=&#8221;0&#8243; custom_width_px=&#8221;1280px&#8221; global_colors_info=&#8221;{}&#8221; theme_builder_area=&#8221;post_content&#8221; sticky_enabled=&#8221;0&#8243;][et_pb_column type=&#8221;4_4&#8243; _builder_version=&#8221;4.16&#8243; custom_padding=&#8221;|||&#8221; hover_enabled=&#8221;0&#8243; global_colors_info=&#8221;{}&#8221; custom_padding__hover=&#8221;|||&#8221; theme_builder_area=&#8221;post_content&#8221; sticky_enabled=&#8221;0&#8243;][et_pb_text _builder_version=&#8221;4.17.6&#8243; text_font=&#8221;||||||||&#8221; header_font=&#8221;|700|||||||&#8221; header_text_color=&#8221;#7272ff&#8221; header_font_size=&#8221;42px&#8221; header_line_height=&#8221;1.3em&#8221; background_size=&#8221;initial&#8221; background_position=&#8221;top_left&#8221; background_repeat=&#8221;repeat&#8221; text_orientation=&#8221;center&#8221; background_layout=&#8221;dark&#8221; max_width=&#8221;530px&#8221; module_alignment=&#8221;center&#8221; custom_padding=&#8221;|||&#8221; hover_enabled=&#8221;0&#8243; header_font_size_tablet=&#8221;&#8221; header_font_size_phone=&#8221;&#8221; header_font_size_last_edited=&#8221;on|desktop&#8221; locked=&#8221;off&#8221; global_colors_info=&#8221;{}&#8221; theme_builder_area=&#8221;post_content&#8221; sticky_enabled=&#8221;0&#8243;]<\/p>\n<h1 style=\"text-align: left;\">Terms and Conditions. Privacy Policies.<\/h1>\n<p>[\/et_pb_text][et_pb_text _builder_version=&#8221;4.17.6&#8243; locked=&#8221;off&#8221; global_colors_info=&#8221;{}&#8221; theme_builder_area=&#8221;post_content&#8221; sticky_enabled=&#8221;0&#8243;]<\/p>\n<p style=\"text-align: left;\">El presente acuerdo describe los t\u00e9rminos y condiciones aplicables a los servicios ofrecidos por ATREVA a trav\u00e9s del sitio www.atreva.ar (en adelante \u201cEL SITIO\u201d) a usted (en adelante \u201cUsuario\u201d). Estos t\u00e9rminos y condiciones tienen el car\u00e1cter de obligatorios y vinculantes. Si el Usuario no est\u00e1 de acuerdo con los presentes t\u00e9rminos y condiciones de uso, debe abstenerse de utilizar los servicios ofrecidos por medio del sitio.<\/p>\n<p>[\/et_pb_text][\/et_pb_column][\/et_pb_row][\/et_pb_section][et_pb_section fb_built=&#8221;1&#8243; admin_label=&#8221;Blog&#8221; _builder_version=&#8221;4.16&#8243; custom_margin=&#8221;|||&#8221; custom_padding=&#8221;0px|0px|100px|0px&#8221; global_colors_info=&#8221;{}&#8221; theme_builder_area=&#8221;post_content&#8221;][et_pb_row _builder_version=&#8221;4.16&#8243; background_size=&#8221;initial&#8221; background_position=&#8221;top_left&#8221; background_repeat=&#8221;repeat&#8221; max_width=&#8221;960px&#8221; use_custom_width=&#8221;on&#8221; custom_width_px=&#8221;960px&#8221; global_colors_info=&#8221;{}&#8221; theme_builder_area=&#8221;post_content&#8221;][et_pb_column type=&#8221;4_4&#8243; _builder_version=&#8221;4.16&#8243; custom_padding=&#8221;|||&#8221; global_colors_info=&#8221;{}&#8221; custom_padding__hover=&#8221;|||&#8221; theme_builder_area=&#8221;post_content&#8221;][et_pb_text _builder_version=&#8221;4.17.6&#8243; _module_preset=&#8221;default&#8221; theme_builder_area=&#8221;post_content&#8221; hover_enabled=&#8221;0&#8243; sticky_enabled=&#8221;0&#8243;]<\/p>\n<p><strong>1.\u00bfCon qui\u00e9n contratas? <\/strong><br \/>Los servicios ofrecidos por el sitio web son ejecutados, controlados y verificados por Diego Martin Scigliano, DNI 25562702 con domicilio legal en Alberti 4715 de la ciudad de Mar del Plata. El responsable es Agente de la Propiedad Industrial Bajo la matricula expedida por el Instituto Nacional de la Propiedad Industrial Nro. 1467, asimismo es abogado matriculado en la Provincia de Buenos Aires bajo el tomo X Folio 38, tambi\u00e9n bajo la matricula Federal Tomo 82 <br \/>Folio 800 si quieres contactarte con el profesional puedes realizarlo a <a href=\"mailto:diego@atreva.com.ar\">diego@atreva.com.ar<\/a><\/p>\n<p><strong>2.Requisitos del Usuario para contratar con ATREVA <\/strong><br \/>Toda persona mayor de 18 a\u00f1os puede contratar nuestros servicios o los menores <br \/>debidamente representados por sus tutores legales. Tambi\u00e9n pueden contratar las personas jur\u00eddicas mediante sus representantes legales. Se utilizan los servicios de esta web con fines legales cumpliendo la normativa vigente y en especial y con una conducta apropiada. Usted acepta no utilizar los Servicios para ning\u00fan fin ilegal o no autorizado. Acepta conocer que no puede solicitar marcas a sabiendas que le pertenecen a un tercero o con fines meramente especulativos.<\/p>\n<p><strong>3.\u00bfQu\u00e9 contratas?<\/strong> <br \/>A trav\u00e9s del sitio, ATREVA ofrece el servicio de registro de marcas, as\u00ed como su consultor\u00eda relacionada a la propiedad intelectual e industrial. Es importante que sepas que ATREVA no garantiza el \u00e9xito de la gesti\u00f3n pues, un registro de marca es una solicitud para obtener un derecho exclusivo sobre un signo marcario el cual puede ser concedido o no por el Estado Nacional. <br \/>ATREVA no garantiza el resultado, pero si usara todos los medios que est\u00e9n a su alcance para la lograr el objetivo buscado. El pago del Servicio corresponde al procedimiento para lograr el registro de la marca.<\/p>\n<p><strong>4.Tarifas<\/strong> <br \/>El Precio abonado cubre honorarios del proceso registral que incluye tasas arancelarias. El precio abonado incluye incidentes de oposiciones dentro del propio expediente de solicitud, contestaci\u00f3n de vistas por parte del Instituto Nacional de la Propiedad Industrial, Recursos administrativos y entrega del t\u00edtulo, esto \u00faltimo dependiendo de que servicio se contrat\u00f3. <br \/><strong>NO ESTA INCLUIDO:<\/strong> recursos judiciales por denegatoria, declaraciones juradas de medio termino que se realizan al quinto a\u00f1o de vigencia del registro de la marca, la renovaci\u00f3n de la marca a los 10 a\u00f1os de vigencia, oposiciones a terceros por solicitud de marcas similares a la tuya, reclamos por cese de uso a terceros que usurpen la marca sea en lugares f\u00edsicos o sitios web o redes sociales. <br \/>Las tarifas vigentes estar\u00e1n publicadas diariamente en el sitio web. En caso de que el Cliente solicite un servicio, y lo abone tiempo despu\u00e9s, deber\u00e1 abonar el precio vigente al momento\u00a0<br \/>del pago.<\/p>\n<p><strong>5.Del Plazo de ejecuci\u00f3n del servicio ofrecido.<\/strong> <br \/>ATREVA realizara la presentaci\u00f3n del tr\u00e1mite registral dentro de las 72 hs h\u00e1biles de producido el pago y contando con toda la informaci\u00f3n necesaria. La velocidad del proceso no depende exclusivamente de ATREVA sino muchos factores que van desde los propios recursos del organismo en dar respuesta a los procesos que se van tramitando como as\u00ed tambi\u00e9n de las incidencias que se vayan produciendo como oposiciones o vistas. ATREVA se compromete a avanzar no solo dentro de los plazos procesales correspondientes sino tambi\u00e9n a instar el proceso para que este logre su cometido en el menor plazo posible. Actualmente el promedio <br \/>de un tr\u00e1mite de registro de marca es de 18 meses desde su inicio.<\/p>\n<p><strong>6.Estudio de antecedentes y factibilidad: <\/strong><br \/>ATREVA realizara una b\u00fasqueda de antecedentes de las marcas que el USUARIO pretenda registrar SIN CARGO NI COMPROMISO ALGUNO, esta b\u00fasqueda de antecedentes verifica que <br \/>no exista la marca id\u00e9ntica ni otras similares que puedan obstaculizar el pedido del USUARIO. <br \/>Es de destacar que la b\u00fasqueda de antecedentes no es categ\u00f3rica y no garantiza la inexistencia de marcas que puedan ser consideradas confundibles, solo es un pron\u00f3stico de lo que pueda ocurrir en el proceso. De igual forma el Estudio de factibilidad legal, que es el an\u00e1lisis del <br \/>cumplimiento de los requisitos legales que el Organismo Estatal realizara para la concesi\u00f3n definitiva de la marca, es una opini\u00f3n profesional sobre lo que pueda ocurrir en instancias posteriores sin que la misma revista car\u00e1cter de categ\u00f3rica o cierta. <br \/>El Estudio de Factibilidad se otorgar\u00e1 por medios digitales con las respectivas opiniones profesionales acerca de la probable concesi\u00f3n o denegatoria y eventuales riesgos que puede tener el proceso registral. El USUARIO luego de recibir dicha informaci\u00f3n y evaluar los riesgos es libre de decidir si avanza con el proceso registral o no, bajo su propio riesgo, siendo el informe orientativo y no una promesa de lo que efectivamente ocurrir\u00e1. <br \/>Para que ATREVA logre emitir un informe de calidad es importante que el USUARIO sea responsable por la exactitud y veracidad de la informaci\u00f3n que brinda en la plataforma, intentando ser lo m\u00e1s espec\u00edfico posible y detallando las cuestiones que considere relevante. <br \/>El USUARIO luego de recibir un informe cuya probabilidad de \u00e9xito resulta baja puede aun as\u00ed instruir con avanzar con la solicitud de servicio, sin embargo, ATREVA se reserva la facultad de rechazar la instrucci\u00f3n, de igual forma una denegatoria a la solicitud del derecho instruido habiendo cumplido el debido proceso no genera alg\u00fan derecho a indemnizaci\u00f3n o <br \/>resarcimiento al USUARIO.<\/p>\n<p><strong>7.Inicio del servicio<\/strong> <br \/>El servicio se instruye por la plataforma web completando por parte del USUARIO los datos del titular de la marca. Si el USUARIO no es el titular de la solicitud de registro de marca, este debe estar legalmente autorizado para brindar los datos, actuar en su nombre y aceptar los <br \/>presentes t\u00e9rminos y condiciones y autorizar a los profesionales intervinientes en ATREVA para poder representarlos en el proceso registral. La falta de provisi\u00f3n de informaci\u00f3n requerida como as\u00ed tambi\u00e9n el previo pago de los servicios por parte del USUARIO, ocasionara que ATREVA no procesar\u00e1 la solicitud hasta tanto se <br \/>cumplimenten los requisitos exigidos en los presentes t\u00e9rminos y condiciones. <br \/>Una vez aceptados los t\u00e9rminos y condiciones, deber\u00e1 realizar por adelantado el pago de los servicios por los medios de pago ofrecidos y los mismos no ser\u00e1n reembolsados una vez iniciado el procedimiento registral. El mero hecho del pago no genera la obligaci\u00f3n de ATREVA <br \/>de la prestaci\u00f3n del servicio hasta tanto El USUARIO no cumplimente el env\u00edo de la informaci\u00f3n y\/o documentaci\u00f3n requerida por ATREVA, como datos completos que solicita la plataforma, foto del DNI del solicitante y autorizaci\u00f3n debidamente firmada. Para el caso de una demora imputable al USUARIO por un plazo mayor a 15 d\u00edas en realizar el env\u00edo de la informaci\u00f3n y\/o documentaci\u00f3n solicitada, al momento recibir la informaci\u00f3n pertinente si existi\u00f3 un cambio en <br \/>las tarifas vigentes y sean mayores a las tarifas que El Usuario abon\u00f3, El Usuario deber\u00e1 pagar la diferencia de tarifas como requisito para que su tr\u00e1mite pueda ser iniciado.<\/p>\n<p><strong>8.De la informaci\u00f3n del proceso y de la vigencia. <\/strong><br \/>ATREVA notificara instancias relevantes del proceso a trav\u00e9s de los medios informados por el USUARIO y en todo momento que sea consultado dar\u00e1 pronta respuesta al USUARIO, sin embargo, toda informaci\u00f3n relacionada con las solicitudes y registro de marcas del USUARIO se encuentran disponibles en las bases de datos del Instituto Nacional de la Propiedad Industrial, disponibles en todo momento pudiendo recurrir \u00e9l USUARIO y realizar las consultas pertinentes que crea necesarias.<\/p>\n<p><strong>9.Informaci\u00f3n suministrada en la plataforma de ATREVA. Pol\u00edticas de privacidad<\/strong><\/p>\n<p>La informaci\u00f3n suministrada por el USUARIO reviste car\u00e1cter de confidencial, en especial su correo electr\u00f3nico y tel\u00e9fonos de contacto o datos de pago como cuentas o usuarios, sin embargo, cierta informaci\u00f3n una vez iniciado el tr\u00e1mite de solicitud de registro pasara a ser publica, como el nombre completo, numero de CUIT domicilio denunciado, estado civil y <br \/>nombre de su c\u00f3nyuge si fuera casado.<\/p>\n<p><strong>10.Del t\u00edtulo de la marca.<\/strong> <br \/>El t\u00edtulo de una marca registrada es un documento electr\u00f3nico con firma digital por parte de la persona responsable del organismo p\u00fablico. Depende el tipo de servicio contratado el t\u00edtulo de la marca puede estar incluido o no en el servicio contratado. Para el caso que se elija la <br \/>contrataci\u00f3n de \u201ct\u00edtulo incluido\u201d, no existir\u00e1n reembolso de restituci\u00f3n de dinero para el caso de que la marca sea denegada. El Usuario est\u00e1 aceptando que esta abonando el costo del t\u00edtulo en forma anticipada y a precio congelado con el riesgo que no sea expedido por denegatoria. Por esta raz\u00f3n ATREVA recomienda el servicio de entrega del t\u00edtulo al momento de su concesi\u00f3n. Si bien el monto del t\u00edtulo puede variar de acuerdo con el \u00edndice inflacionario, ATREVA garantiza que dicho importe nunca exceder\u00e1 del 38% del valor de un registro de marca vigente al momento de la expedici\u00f3n del t\u00edtulo.<\/p>\n<p><strong>11.De la nomenclatura.<\/strong> <br \/>Para poder realizar un correcto informe de factibilidad de Registro de Marcas, cotizaci\u00f3n de Precios y nomenclar tu marca se requiere consignar cierta informaci\u00f3n de la marca que se pretende registrar, sin dicha informaci\u00f3n no podremos darte informaci\u00f3n concreta y especifica de la marca que pretendes registrar, el USUARIO queda obligado a cumplimentar dichos procesos, suministrando a ATREVA informaci\u00f3n verdadera, actualizada, completa y exacta. De esta manera podremos informarte a que clase o clases corresponde el tramite de tu registro de <br \/>marca, informarte la factibilidad registral e informarte el precio, pues de superar una clase el costo se modifica dependiendo cuantas clases se necesiten registrar.<\/p>\n<p><strong>12.Ley aplicable y jurisdicci\u00f3n<\/strong> <br \/>El USUARIO acepta que todo conflicto de intereses o diferencia que pueda surgir como consecuencia del uso del Sito ser\u00e1 resuelto de acuerdo con la legislaci\u00f3n vigente en la Rep\u00fablica Argentina someti\u00e9ndose a la jurisdicci\u00f3n y competencia de los Tribunales Ordinarios <br \/>de la Ciudad de Mar del Plata (Rep\u00fablica Argentina) renunciando expresamente a todo otro fuero o jurisdicci\u00f3n que pudiere corresponder. ATREVA fija su domicilio para toda notificaci\u00f3n o comunicaci\u00f3n en relaci\u00f3n a estos t\u00e9rminos y condiciones en Alberti 4715 de la ciudad de Mar del Plata, Provincia de Buenos Aires, Argentina (CP 7600).<\/p>\n<p>[\/et_pb_text][\/et_pb_column][\/et_pb_row][\/et_pb_section]<\/p>\n","protected":false},"excerpt":{"rendered":"<p>Terms and Conditions. Privacy Policies.El presente acuerdo describe los t\u00e9rminos y condiciones aplicables a los servicios ofrecidos por ATREVA a trav\u00e9s del sitio www.atreva.ar (en adelante \u201cEL SITIO\u201d) a usted (en adelante \u201cUsuario\u201d). Estos t\u00e9rminos y condiciones tienen el car\u00e1cter de obligatorios y vinculantes. Si el Usuario no est\u00e1 de acuerdo con los presentes t\u00e9rminos [&hellip;]<\/p>\n","protected":false},"author":8,"featured_media":0,"parent":0,"menu_order":0,"comment_status":"closed","ping_status":"closed","template":"","meta":{"_et_pb_use_builder":"on","_et_pb_old_content":"","_et_gb_content_width":"","_monsterinsights_skip_tracking":false,"_monsterinsights_sitenote_active":false,"_monsterinsights_sitenote_note":"","_monsterinsights_sitenote_category":0,"_uf_show_specific_survey":0,"_uf_disable_surveys":false,"_joinchat":[],"footnotes":""},"class_list":["post-61270","page","type-page","status-publish","hentry"],"aioseo_notices":[],"_links":{"self":[{"href":"https:\/\/atreva.ar\/en\/wp-json\/wp\/v2\/pages\/61270","targetHints":{"allow":["GET"]}}],"collection":[{"href":"https:\/\/atreva.ar\/en\/wp-json\/wp\/v2\/pages"}],"about":[{"href":"https:\/\/atreva.ar\/en\/wp-json\/wp\/v2\/types\/page"}],"author":[{"embeddable":true,"href":"https:\/\/atreva.ar\/en\/wp-json\/wp\/v2\/users\/8"}],"replies":[{"embeddable":true,"href":"https:\/\/atreva.ar\/en\/wp-json\/wp\/v2\/comments?post=61270"}],"version-history":[{"count":8,"href":"https:\/\/atreva.ar\/en\/wp-json\/wp\/v2\/pages\/61270\/revisions"}],"predecessor-version":[{"id":61384,"href":"https:\/\/atreva.ar\/en\/wp-json\/wp\/v2\/pages\/61270\/revisions\/61384"}],"wp:attachment":[{"href":"https:\/\/atreva.ar\/en\/wp-json\/wp\/v2\/media?parent=61270"}],"curies":[{"name":"wp","href":"https:\/\/api.w.org\/{rel}","templated":true}]}}